{"id":917,"date":"2023-08-22T13:54:53","date_gmt":"2023-08-22T11:54:53","guid":{"rendered":"https:\/\/solosport.masterbip.com\/canchas-deportivas-a-medida\/"},"modified":"2023-09-13T17:03:57","modified_gmt":"2023-09-13T15:03:57","slug":"canchas-deportivas-a-medida","status":"publish","type":"page","link":"https:\/\/solosport.cl\/en\/canchas-deportivas-a-medida\/","title":{"rendered":"Canchas Deportivas | A Medida"},"content":{"rendered":"\t\t<div data-elementor-type=\"wp-page\" data-elementor-id=\"917\" class=\"elementor elementor-917 elementor-62\">\n\t\t\t\t<div class=\"elementor-element elementor-element-b5d4efa e-con-full e-flex e-con e-parent\" data-id=\"b5d4efa\" data-element_type=\"container\">\n\t\t<div class=\"elementor-element elementor-element-bf9f561 e-con-full e-flex e-con e-child\" data-id=\"bf9f561\" data-element_type=\"container\">\n\t\t\t\t<div class=\"elementor-element elementor-element-bd11967 elementor-widget elementor-widget-heading\" data-id=\"bd11967\" data-element_type=\"widget\" data-widget_type=\"heading.default\">\n\t\t\t\t<div class=\"elementor-widget-container\">\n\t\t\t\t\t<div class=\"mb-titulo\"><span class=\"mb-titulo-adorno before\"><\/span><h2 class=\"elementor-heading-title elementor-size-medium\">Canchas Deportivas<\/h2><span class=\"mb-titulo-adorno after\"><\/span><\/div>\t\t\t\t<\/div>\n\t\t\t\t<\/div>\n\t\t\t\t<div class=\"elementor-element elementor-element-f370064 canchas elementor-tabs-view-horizontal elementor-widget elementor-widget-tabs\" data-id=\"f370064\" data-element_type=\"widget\" data-widget_type=\"tabs.default\">\n\t\t\t\t<div class=\"elementor-widget-container\">\n\t\t\t\t\t\t\t<div class=\"elementor-tabs\">\n\t\t\t<div class=\"elementor-tabs-wrapper\" role=\"tablist\" >\n\t\t\t\t\t\t\t\t\t<div id=\"elementor-tab-title-2551\" class=\"elementor-tab-title elementor-tab-desktop-title\" aria-selected=\"true\" data-tab=\"1\" role=\"tab\" tabindex=\"0\" aria-controls=\"elementor-tab-content-2551\" aria-expanded=\"false\">Tennis<\/div>\n\t\t\t\t\t\t\t\t\t<div id=\"elementor-tab-title-2552\" class=\"elementor-tab-title elementor-tab-desktop-title\" aria-selected=\"false\" data-tab=\"2\" role=\"tab\" tabindex=\"-1\" aria-controls=\"elementor-tab-content-2552\" aria-expanded=\"false\">Multicanchas<\/div>\n\t\t\t\t\t\t\t\t\t<div id=\"elementor-tab-title-2553\" class=\"elementor-tab-title elementor-tab-desktop-title\" aria-selected=\"false\" data-tab=\"3\" role=\"tab\" tabindex=\"-1\" aria-controls=\"elementor-tab-content-2553\" aria-expanded=\"false\">Futbolito<\/div>\n\t\t\t\t\t\t\t\t\t<div id=\"elementor-tab-title-2554\" class=\"elementor-tab-title elementor-tab-desktop-title\" aria-selected=\"false\" data-tab=\"4\" role=\"tab\" tabindex=\"-1\" aria-controls=\"elementor-tab-content-2554\" aria-expanded=\"false\">Paddle Tennis<\/div>\n\t\t\t\t\t\t\t\t\t<div id=\"elementor-tab-title-2555\" class=\"elementor-tab-title elementor-tab-desktop-title\" aria-selected=\"false\" data-tab=\"5\" role=\"tab\" tabindex=\"-1\" aria-controls=\"elementor-tab-content-2555\" aria-expanded=\"false\">Squash<\/div>\n\t\t\t\t\t\t\t<\/div>\n\t\t\t<div class=\"elementor-tabs-content-wrapper\" role=\"tablist\" aria-orientation=\"vertical\">\n\t\t\t\t\t\t\t\t\t<div class=\"elementor-tab-title elementor-tab-mobile-title\" aria-selected=\"true\" data-tab=\"1\" role=\"tab\" tabindex=\"0\" aria-controls=\"elementor-tab-content-2551\" aria-expanded=\"false\">Tennis<\/div>\n\t\t\t\t\t<div id=\"elementor-tab-content-2551\" class=\"elementor-tab-content elementor-clearfix\" data-tab=\"1\" role=\"tabpanel\" aria-labelledby=\"elementor-tab-title-2551\" tabindex=\"0\" hidden=\"false\"><p><img fetchpriority=\"high\" decoding=\"async\" class=\"alignnone wp-image-974 size-full\" src=\"https:\/\/solosport.cl\/wp-content\/uploads\/2023\/09\/Tennis-1.png\" alt=\"\" width=\"646\" height=\"404\" \/><\/p><p><a href=\"https:\/\/solosport.cl\/canchas-deportivas-a-medida\/tenis\/\">Saber m\u00e1s<\/a><\/p><\/div>\n\t\t\t\t\t\t\t\t\t<div class=\"elementor-tab-title elementor-tab-mobile-title\" aria-selected=\"false\" data-tab=\"2\" role=\"tab\" tabindex=\"-1\" aria-controls=\"elementor-tab-content-2552\" aria-expanded=\"false\">Multicanchas<\/div>\n\t\t\t\t\t<div id=\"elementor-tab-content-2552\" class=\"elementor-tab-content elementor-clearfix\" data-tab=\"2\" role=\"tabpanel\" aria-labelledby=\"elementor-tab-title-2552\" tabindex=\"0\" hidden=\"hidden\"><p><img decoding=\"async\" class=\"alignnone wp-image-976 size-full\" src=\"https:\/\/solosport.cl\/wp-content\/uploads\/2023\/09\/Multicanchas-1.png\" alt=\"\" width=\"646\" height=\"404\" \/><\/p><p><a href=\"https:\/\/solosport.cl\/canchas-deportivas-a-medida\/multicanchas\/\">Saber m\u00e1s<\/a><\/p><\/div>\n\t\t\t\t\t\t\t\t\t<div class=\"elementor-tab-title elementor-tab-mobile-title\" aria-selected=\"false\" data-tab=\"3\" role=\"tab\" tabindex=\"-1\" aria-controls=\"elementor-tab-content-2553\" aria-expanded=\"false\">Futbolito<\/div>\n\t\t\t\t\t<div id=\"elementor-tab-content-2553\" class=\"elementor-tab-content elementor-clearfix\" data-tab=\"3\" role=\"tabpanel\" aria-labelledby=\"elementor-tab-title-2553\" tabindex=\"0\" hidden=\"hidden\"><p><img decoding=\"async\" class=\"alignnone wp-image-981 size-full\" src=\"https:\/\/solosport.cl\/wp-content\/uploads\/2023\/09\/fulbol.png\" alt=\"\" width=\"646\" height=\"404\" \/><\/p><p><a href=\"https:\/\/solosport.cl\/canchas-deportivas-a-medida\/futbol-futbolito\/\">Saber m\u00e1s<\/a><\/p><\/div>\n\t\t\t\t\t\t\t\t\t<div class=\"elementor-tab-title elementor-tab-mobile-title\" aria-selected=\"false\" data-tab=\"4\" role=\"tab\" tabindex=\"-1\" aria-controls=\"elementor-tab-content-2554\" aria-expanded=\"false\">Paddle Tennis<\/div>\n\t\t\t\t\t<div id=\"elementor-tab-content-2554\" class=\"elementor-tab-content elementor-clearfix\" data-tab=\"4\" role=\"tabpanel\" aria-labelledby=\"elementor-tab-title-2554\" tabindex=\"0\" hidden=\"hidden\"><p><img loading=\"lazy\" decoding=\"async\" class=\"alignnone wp-image-983 size-full\" src=\"https:\/\/solosport.cl\/wp-content\/uploads\/2023\/09\/paddle-1.png\" alt=\"\" width=\"646\" height=\"404\" \/><\/p><p><a href=\"https:\/\/solosport.cl\/canchas-deportivas-a-medida\/padel-tennis\/\">Saber m\u00e1s<\/a><\/p><\/div>\n\t\t\t\t\t\t\t\t\t<div class=\"elementor-tab-title elementor-tab-mobile-title\" aria-selected=\"false\" data-tab=\"5\" role=\"tab\" tabindex=\"-1\" aria-controls=\"elementor-tab-content-2555\" aria-expanded=\"false\">Squash<\/div>\n\t\t\t\t\t<div id=\"elementor-tab-content-2555\" class=\"elementor-tab-content elementor-clearfix\" data-tab=\"5\" role=\"tabpanel\" aria-labelledby=\"elementor-tab-title-2555\" tabindex=\"0\" hidden=\"hidden\"><p><img loading=\"lazy\" decoding=\"async\" class=\"alignnone wp-image-985 size-full\" src=\"https:\/\/solosport.cl\/wp-content\/uploads\/2023\/09\/squash-1.png\" alt=\"\" width=\"646\" height=\"404\" \/><\/p><p><a href=\"https:\/\/solosport.cl\/canchas-deportivas-a-medida\/squash-raquetball\/\">Saber m\u00e1s<\/a><\/p><\/div>\n\t\t\t\t\t\t\t<\/div>\n\t\t<\/div>\n\t\t\t\t\t\t<\/div>\n\t\t\t\t<\/div>\n\t\t\t\t<\/div>\n\t\t<div class=\"elementor-element elementor-element-e70f1a2 e-con-full e-flex e-con e-child\" data-id=\"e70f1a2\" data-element_type=\"container\">\n\t\t\t\t<div class=\"elementor-element elementor-element-8dfdfca elementor-widget elementor-widget-spacer\" data-id=\"8dfdfca\" data-element_type=\"widget\" data-widget_type=\"spacer.default\">\n\t\t\t\t<div class=\"elementor-widget-container\">\n\t\t\t\t\t\t\t<div class=\"elementor-spacer\">\n\t\t\t<div class=\"elementor-spacer-inner\"><\/div>\n\t\t<\/div>\n\t\t\t\t\t\t<\/div>\n\t\t\t\t<\/div>\n\t\t\t\t<\/div>\n\t\t\t\t<\/div>\n\t\t<div class=\"elementor-element elementor-element-78b427d e-flex e-con-boxed e-con e-parent\" data-id=\"78b427d\" data-element_type=\"container\">\n\t\t\t\t\t<div class=\"e-con-inner\">\n\t\t\t\t<div class=\"elementor-element elementor-element-1d0dd49 elementor-widget elementor-widget-button\" data-id=\"1d0dd49\" data-element_type=\"widget\" data-widget_type=\"button.default\">\n\t\t\t\t<div class=\"elementor-widget-container\">\n\t\t\t\t\t\t\t\t\t<div class=\"elementor-button-wrapper\">\n\t\t\t\t\t<a class=\"elementor-button elementor-button-link elementor-size-sm\" href=\"https:\/\/solosport.cl\/canchas-deportivas-a-medida\/canchas-residenciales\/\">\n\t\t\t\t\t\t<span class=\"elementor-button-content-wrapper\">\n\t\t\t\t\t\t\t\t\t<span class=\"elementor-button-text\">Canchas Residenciales<\/span>\n\t\t\t\t\t<\/span>\n\t\t\t\t\t<\/a>\n\t\t\t\t<\/div>\n\t\t\t\t\t\t\t\t<\/div>\n\t\t\t\t<\/div>\n\t\t\t\t<div class=\"elementor-element elementor-element-1192346 elementor-widget elementor-widget-button\" data-id=\"1192346\" data-element_type=\"widget\" data-widget_type=\"button.default\">\n\t\t\t\t<div class=\"elementor-widget-container\">\n\t\t\t\t\t\t\t\t\t<div class=\"elementor-button-wrapper\">\n\t\t\t\t\t<a class=\"elementor-button elementor-button-link elementor-size-sm\" href=\"https:\/\/solosport.cl\/canchas-deportivas-a-medida\/gimnasios\/\">\n\t\t\t\t\t\t<span class=\"elementor-button-content-wrapper\">\n\t\t\t\t\t\t\t\t\t<span class=\"elementor-button-text\">Gimnasios<\/span>\n\t\t\t\t\t<\/span>\n\t\t\t\t\t<\/a>\n\t\t\t\t<\/div>\n\t\t\t\t\t\t\t\t<\/div>\n\t\t\t\t<\/div>\n\t\t\t\t<div class=\"elementor-element elementor-element-a4c6f91 elementor-widget elementor-widget-button\" data-id=\"a4c6f91\" data-element_type=\"widget\" data-widget_type=\"button.default\">\n\t\t\t\t<div class=\"elementor-widget-container\">\n\t\t\t\t\t\t\t\t\t<div class=\"elementor-button-wrapper\">\n\t\t\t\t\t<a class=\"elementor-button elementor-button-link elementor-size-sm\" href=\"https:\/\/solosport.cl\/canchas-deportivas-a-medida\/iluminaciones-deportivas\/\">\n\t\t\t\t\t\t<span class=\"elementor-button-content-wrapper\">\n\t\t\t\t\t\t\t\t\t<span class=\"elementor-button-text\">Iluminaciones Deportivas<\/span>\n\t\t\t\t\t<\/span>\n\t\t\t\t\t<\/a>\n\t\t\t\t<\/div>\n\t\t\t\t\t\t\t\t<\/div>\n\t\t\t\t<\/div>\n\t\t\t\t<div class=\"elementor-element elementor-element-e3e1e54 elementor-widget elementor-widget-button\" data-id=\"e3e1e54\" data-element_type=\"widget\" data-widget_type=\"button.default\">\n\t\t\t\t<div class=\"elementor-widget-container\">\n\t\t\t\t\t\t\t\t\t<div class=\"elementor-button-wrapper\">\n\t\t\t\t\t<a class=\"elementor-button elementor-button-link elementor-size-sm\" href=\"https:\/\/solosport.cl\/canchas-deportivas-a-medida\/mineria\/\">\n\t\t\t\t\t\t<span class=\"elementor-button-content-wrapper\">\n\t\t\t\t\t\t\t\t\t<span class=\"elementor-button-text\">Miner\u00eda<\/span>\n\t\t\t\t\t<\/span>\n\t\t\t\t\t<\/a>\n\t\t\t\t<\/div>\n\t\t\t\t\t\t\t\t<\/div>\n\t\t\t\t<\/div>\n\t\t\t\t<div class=\"elementor-element elementor-element-7af6edb elementor-widget elementor-widget-button\" data-id=\"7af6edb\" data-element_type=\"widget\" data-widget_type=\"button.default\">\n\t\t\t\t<div class=\"elementor-widget-container\">\n\t\t\t\t\t\t\t\t\t<div class=\"elementor-button-wrapper\">\n\t\t\t\t\t<a class=\"elementor-button elementor-button-link elementor-size-sm\" href=\"https:\/\/solosport.cl\/canchas-deportivas-a-medida\/pickleball\/\">\n\t\t\t\t\t\t<span class=\"elementor-button-content-wrapper\">\n\t\t\t\t\t\t\t\t\t<span class=\"elementor-button-text\">Pickleball<\/span>\n\t\t\t\t\t<\/span>\n\t\t\t\t\t<\/a>\n\t\t\t\t<\/div>\n\t\t\t\t\t\t\t\t<\/div>\n\t\t\t\t<\/div>\n\t\t\t\t<div class=\"elementor-element elementor-element-9966c33 elementor-widget elementor-widget-button\" data-id=\"9966c33\" data-element_type=\"widget\" data-widget_type=\"button.default\">\n\t\t\t\t<div class=\"elementor-widget-container\">\n\t\t\t\t\t\t\t\t\t<div class=\"elementor-button-wrapper\">\n\t\t\t\t\t<a class=\"elementor-button elementor-button-link elementor-size-sm\" href=\"https:\/\/solosport.cl\/canchas-deportivas-a-medida\/pistas-de-running\/\">\n\t\t\t\t\t\t<span class=\"elementor-button-content-wrapper\">\n\t\t\t\t\t\t\t\t\t<span class=\"elementor-button-text\">Pistas De Running<\/span>\n\t\t\t\t\t<\/span>\n\t\t\t\t\t<\/a>\n\t\t\t\t<\/div>\n\t\t\t\t\t\t\t\t<\/div>\n\t\t\t\t<\/div>\n\t\t\t\t\t<\/div>\n\t\t\t\t<\/div>\n\t\t<div class=\"elementor-element elementor-element-d66bf1d e-flex e-con-boxed e-con e-parent\" data-id=\"d66bf1d\" data-element_type=\"container\">\n\t\t\t\t\t<div class=\"e-con-inner\">\n\t\t\t\t<div class=\"elementor-element elementor-element-0e03854 elementor-widget elementor-widget-spacer\" data-id=\"0e03854\" data-element_type=\"widget\" data-widget_type=\"spacer.default\">\n\t\t\t\t<div class=\"elementor-widget-container\">\n\t\t\t\t\t\t\t<div class=\"elementor-spacer\">\n\t\t\t<div class=\"elementor-spacer-inner\"><\/div>\n\t\t<\/div>\n\t\t\t\t\t\t<\/div>\n\t\t\t\t<\/div>\n\t\t\t\t\t<\/div>\n\t\t\t\t<\/div>\n\t\t\t\t<\/div>\n\t\t","protected":false},"excerpt":{"rendered":"<p>Canchas Deportivas Tennis Multicanchas Futbolito Paddle Tennis Squash Tennis Saber m\u00e1s Multicanchas Saber m\u00e1s Futbolito Saber m\u00e1s Paddle Tennis Saber m\u00e1s Squash Saber m\u00e1s Canchas Residenciales Gimnasios Iluminaciones Deportivas Miner\u00eda Pickleball Pistas De Running<\/p>\n","protected":false},"author":1,"featured_media":826,"parent":0,"menu_order":0,"comment_status":"closed","ping_status":"closed","template":"","meta":{"footnotes":""},"class_list":["post-917","page","type-page","status-publish","has-post-thumbnail","hentry"],"yoast_head":"<!-- This site is optimized with the Yoast SEO plugin v24.2 - https:\/\/yoast.com\/wordpress\/plugins\/seo\/ -->\n<title>Canchas Deportivas | A Medida - Solosport<\/title>\n<meta name=\"robots\" content=\"index, follow, max-snippet:-1, max-image-preview:large, max-video-preview:-1\" \/>\n<link rel=\"canonical\" href=\"https:\/\/solosport.cl\/en\/canchas-deportivas-a-medida\/\" \/>\n<meta property=\"og:locale\" content=\"en_US\" \/>\n<meta property=\"og:type\" content=\"article\" \/>\n<meta property=\"og:title\" content=\"Canchas Deportivas | A Medida - Solosport\" \/>\n<meta property=\"og:description\" content=\"Canchas Deportivas Tennis Multicanchas Futbolito Paddle Tennis Squash Tennis Saber m\u00e1s Multicanchas Saber m\u00e1s Futbolito Saber m\u00e1s Paddle Tennis Saber m\u00e1s Squash Saber m\u00e1s Canchas Residenciales Gimnasios Iluminaciones Deportivas Miner\u00eda Pickleball Pistas De Running\" \/>\n<meta property=\"og:url\" content=\"https:\/\/solosport.cl\/en\/canchas-deportivas-a-medida\/\" \/>\n<meta property=\"og:site_name\" content=\"Solosport\" \/>\n<meta property=\"article:publisher\" content=\"https:\/\/www.facebook.com\/solosport.construccionesdeportivas\" \/>\n<meta property=\"article:modified_time\" content=\"2023-09-13T15:03:57+00:00\" \/>\n<meta property=\"og:image\" content=\"https:\/\/solosport.cl\/wp-content\/uploads\/2023\/08\/canchasbg.jpg\" \/>\n\t<meta property=\"og:image:width\" content=\"1900\" \/>\n\t<meta property=\"og:image:height\" content=\"1267\" \/>\n\t<meta property=\"og:image:type\" content=\"image\/jpeg\" \/>\n<meta name=\"twitter:card\" content=\"summary_large_image\" \/>\n<meta name=\"twitter:label1\" content=\"Est. reading time\" \/>\n\t<meta name=\"twitter:data1\" content=\"2 minutes\" \/>\n<script type=\"application\/ld+json\" class=\"yoast-schema-graph\">{\"@context\":\"https:\/\/schema.org\",\"@graph\":[{\"@type\":\"WebPage\",\"@id\":\"https:\/\/solosport.cl\/en\/canchas-deportivas-a-medida\/\",\"url\":\"https:\/\/solosport.cl\/en\/canchas-deportivas-a-medida\/\",\"name\":\"Canchas Deportivas | A Medida - Solosport\",\"isPartOf\":{\"@id\":\"https:\/\/solosport.cl\/en\/#website\"},\"primaryImageOfPage\":{\"@id\":\"https:\/\/solosport.cl\/en\/canchas-deportivas-a-medida\/#primaryimage\"},\"image\":{\"@id\":\"https:\/\/solosport.cl\/en\/canchas-deportivas-a-medida\/#primaryimage\"},\"thumbnailUrl\":\"https:\/\/solosport.cl\/wp-content\/uploads\/2023\/08\/canchasbg.jpg\",\"datePublished\":\"2023-08-22T11:54:53+00:00\",\"dateModified\":\"2023-09-13T15:03:57+00:00\",\"breadcrumb\":{\"@id\":\"https:\/\/solosport.cl\/en\/canchas-deportivas-a-medida\/#breadcrumb\"},\"inLanguage\":\"en-US\",\"potentialAction\":[{\"@type\":\"ReadAction\",\"target\":[\"https:\/\/solosport.cl\/en\/canchas-deportivas-a-medida\/\"]}]},{\"@type\":\"ImageObject\",\"inLanguage\":\"en-US\",\"@id\":\"https:\/\/solosport.cl\/en\/canchas-deportivas-a-medida\/#primaryimage\",\"url\":\"https:\/\/solosport.cl\/wp-content\/uploads\/2023\/08\/canchasbg.jpg\",\"contentUrl\":\"https:\/\/solosport.cl\/wp-content\/uploads\/2023\/08\/canchasbg.jpg\",\"width\":1900,\"height\":1267},{\"@type\":\"BreadcrumbList\",\"@id\":\"https:\/\/solosport.cl\/en\/canchas-deportivas-a-medida\/#breadcrumb\",\"itemListElement\":[{\"@type\":\"ListItem\",\"position\":1,\"name\":\"Portada\",\"item\":\"https:\/\/solosport.cl\/en\/\"},{\"@type\":\"ListItem\",\"position\":2,\"name\":\"Canchas Deportivas | A Medida\"}]},{\"@type\":\"WebSite\",\"@id\":\"https:\/\/solosport.cl\/en\/#website\",\"url\":\"https:\/\/solosport.cl\/en\/\",\"name\":\"Solosport\",\"description\":\"\",\"publisher\":{\"@id\":\"https:\/\/solosport.cl\/en\/#organization\"},\"potentialAction\":[{\"@type\":\"SearchAction\",\"target\":{\"@type\":\"EntryPoint\",\"urlTemplate\":\"https:\/\/solosport.cl\/en\/?s={search_term_string}\"},\"query-input\":{\"@type\":\"PropertyValueSpecification\",\"valueRequired\":true,\"valueName\":\"search_term_string\"}}],\"inLanguage\":\"en-US\"},{\"@type\":\"Organization\",\"@id\":\"https:\/\/solosport.cl\/en\/#organization\",\"name\":\"Solosport\",\"url\":\"https:\/\/solosport.cl\/en\/\",\"logo\":{\"@type\":\"ImageObject\",\"inLanguage\":\"en-US\",\"@id\":\"https:\/\/solosport.cl\/en\/#\/schema\/logo\/image\/\",\"url\":\"https:\/\/solosport.cl\/wp-content\/uploads\/2023\/08\/Solo-Sport-Logo-Principal.png\",\"contentUrl\":\"https:\/\/solosport.cl\/wp-content\/uploads\/2023\/08\/Solo-Sport-Logo-Principal.png\",\"width\":540,\"height\":143,\"caption\":\"Solosport\"},\"image\":{\"@id\":\"https:\/\/solosport.cl\/en\/#\/schema\/logo\/image\/\"},\"sameAs\":[\"https:\/\/www.facebook.com\/solosport.construccionesdeportivas\",\"https:\/\/www.instagram.com\/salvador_santelices\/\"]}]}<\/script>\n<!-- \/ Yoast SEO plugin. -->","yoast_head_json":{"title":"Canchas Deportivas | A Medida - Solosport","robots":{"index":"index","follow":"follow","max-snippet":"max-snippet:-1","max-image-preview":"max-image-preview:large","max-video-preview":"max-video-preview:-1"},"canonical":"https:\/\/solosport.cl\/en\/canchas-deportivas-a-medida\/","og_locale":"en_US","og_type":"article","og_title":"Canchas Deportivas | A Medida - Solosport","og_description":"Canchas Deportivas Tennis Multicanchas Futbolito Paddle Tennis Squash Tennis Saber m\u00e1s Multicanchas Saber m\u00e1s Futbolito Saber m\u00e1s Paddle Tennis Saber m\u00e1s Squash Saber m\u00e1s Canchas Residenciales Gimnasios Iluminaciones Deportivas Miner\u00eda Pickleball Pistas De Running","og_url":"https:\/\/solosport.cl\/en\/canchas-deportivas-a-medida\/","og_site_name":"Solosport","article_publisher":"https:\/\/www.facebook.com\/solosport.construccionesdeportivas","article_modified_time":"2023-09-13T15:03:57+00:00","og_image":[{"width":1900,"height":1267,"url":"https:\/\/solosport.cl\/wp-content\/uploads\/2023\/08\/canchasbg.jpg","type":"image\/jpeg"}],"twitter_card":"summary_large_image","twitter_misc":{"Est. reading time":"2 minutes"},"schema":{"@context":"https:\/\/schema.org","@graph":[{"@type":"WebPage","@id":"https:\/\/solosport.cl\/en\/canchas-deportivas-a-medida\/","url":"https:\/\/solosport.cl\/en\/canchas-deportivas-a-medida\/","name":"Canchas Deportivas | A Medida - Solosport","isPartOf":{"@id":"https:\/\/solosport.cl\/en\/#website"},"primaryImageOfPage":{"@id":"https:\/\/solosport.cl\/en\/canchas-deportivas-a-medida\/#primaryimage"},"image":{"@id":"https:\/\/solosport.cl\/en\/canchas-deportivas-a-medida\/#primaryimage"},"thumbnailUrl":"https:\/\/solosport.cl\/wp-content\/uploads\/2023\/08\/canchasbg.jpg","datePublished":"2023-08-22T11:54:53+00:00","dateModified":"2023-09-13T15:03:57+00:00","breadcrumb":{"@id":"https:\/\/solosport.cl\/en\/canchas-deportivas-a-medida\/#breadcrumb"},"inLanguage":"en-US","potentialAction":[{"@type":"ReadAction","target":["https:\/\/solosport.cl\/en\/canchas-deportivas-a-medida\/"]}]},{"@type":"ImageObject","inLanguage":"en-US","@id":"https:\/\/solosport.cl\/en\/canchas-deportivas-a-medida\/#primaryimage","url":"https:\/\/solosport.cl\/wp-content\/uploads\/2023\/08\/canchasbg.jpg","contentUrl":"https:\/\/solosport.cl\/wp-content\/uploads\/2023\/08\/canchasbg.jpg","width":1900,"height":1267},{"@type":"BreadcrumbList","@id":"https:\/\/solosport.cl\/en\/canchas-deportivas-a-medida\/#breadcrumb","itemListElement":[{"@type":"ListItem","position":1,"name":"Portada","item":"https:\/\/solosport.cl\/en\/"},{"@type":"ListItem","position":2,"name":"Canchas Deportivas | A Medida"}]},{"@type":"WebSite","@id":"https:\/\/solosport.cl\/en\/#website","url":"https:\/\/solosport.cl\/en\/","name":"Solosport","description":"","publisher":{"@id":"https:\/\/solosport.cl\/en\/#organization"},"potentialAction":[{"@type":"SearchAction","target":{"@type":"EntryPoint","urlTemplate":"https:\/\/solosport.cl\/en\/?s={search_term_string}"},"query-input":{"@type":"PropertyValueSpecification","valueRequired":true,"valueName":"search_term_string"}}],"inLanguage":"en-US"},{"@type":"Organization","@id":"https:\/\/solosport.cl\/en\/#organization","name":"Solosport","url":"https:\/\/solosport.cl\/en\/","logo":{"@type":"ImageObject","inLanguage":"en-US","@id":"https:\/\/solosport.cl\/en\/#\/schema\/logo\/image\/","url":"https:\/\/solosport.cl\/wp-content\/uploads\/2023\/08\/Solo-Sport-Logo-Principal.png","contentUrl":"https:\/\/solosport.cl\/wp-content\/uploads\/2023\/08\/Solo-Sport-Logo-Principal.png","width":540,"height":143,"caption":"Solosport"},"image":{"@id":"https:\/\/solosport.cl\/en\/#\/schema\/logo\/image\/"},"sameAs":["https:\/\/www.facebook.com\/solosport.construccionesdeportivas","https:\/\/www.instagram.com\/salvador_santelices\/"]}]}},"_links":{"self":[{"href":"https:\/\/solosport.cl\/en\/wp-json\/wp\/v2\/pages\/917","targetHints":{"allow":["GET"]}}],"collection":[{"href":"https:\/\/solosport.cl\/en\/wp-json\/wp\/v2\/pages"}],"about":[{"href":"https:\/\/solosport.cl\/en\/wp-json\/wp\/v2\/types\/page"}],"author":[{"embeddable":true,"href":"https:\/\/solosport.cl\/en\/wp-json\/wp\/v2\/users\/1"}],"replies":[{"embeddable":true,"href":"https:\/\/solosport.cl\/en\/wp-json\/wp\/v2\/comments?post=917"}],"version-history":[{"count":0,"href":"https:\/\/solosport.cl\/en\/wp-json\/wp\/v2\/pages\/917\/revisions"}],"wp:featuredmedia":[{"embeddable":true,"href":"https:\/\/solosport.cl\/en\/wp-json\/wp\/v2\/media\/826"}],"wp:attachment":[{"href":"https:\/\/solosport.cl\/en\/wp-json\/wp\/v2\/media?parent=917"}],"curies":[{"name":"wp","href":"https:\/\/api.w.org\/{rel}","templated":true}]}}